{"id":151,"date":"2026-02-25T13:50:28","date_gmt":"2026-02-25T18:50:28","guid":{"rendered":"https:\/\/jrmusico.rocks\/?page_id=151"},"modified":"2026-02-25T14:06:28","modified_gmt":"2026-02-25T19:06:28","slug":"jr-pablo","status":"publish","type":"page","link":"https:\/\/jrmusico.rocks\/index.php\/jr-pablo\/","title":{"rendered":"JR &#038; Pablo"},"content":{"rendered":"\n<p><strong>Un d\u00fao fant\u00e1stico para vos eventos o su restaurante\/bar\/club en CDMX!<\/strong><br><strong><em>A fantastic duo for your events or your restaurant\/bar\/club in CDMX!<\/em><\/strong><br><em>Un fantastique duo pour vos \u00e9v\u00e8nements ou votre restaurant\/bar\/club \u00e0 Mexico City!<\/em><\/p>\n\n\n\n<figure class=\"wp-block-embed is-type-video is-provider-youtube wp-block-embed-youtube wp-embed-aspect-16-9 wp-has-aspect-ratio\"><div class=\"wp-block-embed__wrapper\">\n<iframe loading=\"lazy\" title=\"Manuel Medrano - La Mujer Que Bota Fuego (Cover)\" width=\"500\" height=\"281\" src=\"https:\/\/www.youtube.com\/embed\/aFzyvNmyyqU?feature=oembed\" frameborder=\"0\" allow=\"accelerometer; autoplay; clipboard-write; encrypted-media; gyroscope; picture-in-picture; web-share\" referrerpolicy=\"strict-origin-when-cross-origin\" allowfullscreen><\/iframe>\n<\/div><\/figure>\n\n\n\n<p>JR y Pablo son dos m\u00fasicos profesionales que interpretan versiones de pop, m\u00fasica latina e instrumental. Adaptan su lista de reproducci\u00f3n al estilo que buscas. Al tocar en d\u00fao, suenan como una banda completa, no solo con voz, piano y guitarra, sino tambi\u00e9n bajo, percusi\u00f3n y mucho m\u00e1s.<\/p>\n\n\n\n<p>JR &amp; Pablo are two professional musicians who play pop, latin and instrumental popular covers. They adapt their playlist to the type of vibe you are seeking. While playing in duo, they actually sound like a full band with not only voice, piano and guitar but also bass, percussions and more!<\/p>\n\n\n\n<p>JR et Pablo sont deux musiciens professionnels qui interpr\u00e8tent des reprises pop, latines et instrumentales de chansons populaires. Ils adaptent leur r\u00e9pertoire \u00e0 l&#8217;ambiance que vous recherchez. En duo, ils sonnent comme un v\u00e9ritable groupe, avec non seulement voix, piano et guitare, mais aussi basse, percussions et bien plus encore !<\/p>\n\n\n\n<figure class=\"wp-block-embed is-type-video is-provider-youtube wp-block-embed-youtube wp-embed-aspect-16-9 wp-has-aspect-ratio\"><div class=\"wp-block-embed__wrapper\">\n<iframe loading=\"lazy\" title=\"Spanish Joint - D&quot;Angelo\" width=\"500\" height=\"281\" src=\"https:\/\/www.youtube.com\/embed\/h6G8STzrfkM?feature=oembed\" frameborder=\"0\" allow=\"accelerometer; autoplay; clipboard-write; encrypted-media; gyroscope; picture-in-picture; web-share\" referrerpolicy=\"strict-origin-when-cross-origin\" allowfullscreen><\/iframe>\n<\/div><\/figure>\n","protected":false},"excerpt":{"rendered":"<p>Un d\u00fao fant\u00e1stico para vos eventos o su restaurante\/bar\/club en CDMX!A fantastic duo for your events or your restaurant\/bar\/club in CDMX!Un fantastique duo pour vos \u00e9v\u00e8nements ou votre restaurant\/bar\/club \u00e0 Mexico City! JR y Pablo son dos m\u00fasicos profesionales que interpretan versiones de pop, m\u00fasica latina e instrumental. Adaptan su lista de reproducci\u00f3n al estilo [&hellip;]<\/p>\n","protected":false},"author":1,"featured_media":0,"parent":0,"menu_order":0,"comment_status":"closed","ping_status":"closed","template":"","meta":{"footnotes":""},"_links":{"self":[{"href":"https:\/\/jrmusico.rocks\/index.php\/wp-json\/wp\/v2\/pages\/151"}],"collection":[{"href":"https:\/\/jrmusico.rocks\/index.php\/wp-json\/wp\/v2\/pages"}],"about":[{"href":"https:\/\/jrmusico.rocks\/index.php\/wp-json\/wp\/v2\/types\/page"}],"author":[{"embeddable":true,"href":"https:\/\/jrmusico.rocks\/index.php\/wp-json\/wp\/v2\/users\/1"}],"replies":[{"embeddable":true,"href":"https:\/\/jrmusico.rocks\/index.php\/wp-json\/wp\/v2\/comments?post=151"}],"version-history":[{"count":5,"href":"https:\/\/jrmusico.rocks\/index.php\/wp-json\/wp\/v2\/pages\/151\/revisions"}],"predecessor-version":[{"id":160,"href":"https:\/\/jrmusico.rocks\/index.php\/wp-json\/wp\/v2\/pages\/151\/revisions\/160"}],"wp:attachment":[{"href":"https:\/\/jrmusico.rocks\/index.php\/wp-json\/wp\/v2\/media?parent=151"}],"curies":[{"name":"wp","href":"https:\/\/api.w.org\/{rel}","templated":true}]}}